{"id":1700,"date":"2022-01-12T15:26:03","date_gmt":"2022-01-12T15:26:03","guid":{"rendered":"https:\/\/mais3-inovacao.pt\/pena-property\/?page_id=1700"},"modified":"2022-02-21T18:08:39","modified_gmt":"2022-02-21T18:08:39","slug":"seguros","status":"publish","type":"page","link":"https:\/\/www.pena-property.net\/index.php\/seguros\/","title":{"rendered":"Seguros"},"content":{"rendered":"\t\t<div data-elementor-type=\"wp-page\" data-elementor-id=\"1700\" class=\"elementor elementor-1700\" data-elementor-settings=\"[]\">\n\t\t\t\t\t\t\t<div class=\"elementor-section-wrap\">\n\t\t\t\t\t\t\t<section class=\"elementor-section elementor-top-section elementor-element elementor-element-a41e2b2 elementor-section-full_width elementor-section-height-default elementor-section-height-default\" data-id=\"a41e2b2\" data-element_type=\"section\">\n\t\t\t\t\t\t<div class=\"elementor-container elementor-column-gap-no\">\n\t\t\t\t\t<div class=\"elementor-column elementor-col-100 elementor-top-column elementor-element elementor-element-97c067e\" data-id=\"97c067e\" data-element_type=\"column\">\n\t\t\t<div class=\"elementor-widget-wrap elementor-element-populated\">\n\t\t\t\t\t\t\t\t<div class=\"elementor-element elementor-element-4f6d00e elementor-widget elementor-widget-larson-intro\" data-id=\"4f6d00e\" data-element_type=\"widget\" data-widget_type=\"larson-intro.default\">\n\t\t\t\t<div class=\"elementor-widget-container\">\n\t\t\t\n\t\t<article class=\"article\">\n\t        <header class=\"article__header\">\n\t          <div class=\"container\">\n\t            \t            <h1 class=\"article__heading heading heading--size-large\">\n\t            \t<span >\n\t\t\t\t\t\tMediadora e Agente de<br><span class=\"color-yellow\">Seguros<\/span>\t\t\t\t\t<\/span>\n\t            <\/h1>\n\t            \t            \t          <\/div>\n\t        <\/header>\n\t        \t        <div class=\"article__about-hero container\">\n\t          <img src=\"https:\/\/pena-property.net\/wp-content\/uploads\/2022\/02\/seguros-1.jpg\" alt=\"\" \/>\n\t        <\/div>\n\t        \t    <\/article>\n\n\t\t\t\t<\/div>\n\t\t\t\t<\/div>\n\t\t\t\t\t<\/div>\n\t\t<\/div>\n\t\t\t\t\t\t\t<\/div>\n\t\t<\/section>\n\t\t\t\t<section class=\"elementor-section elementor-top-section elementor-element elementor-element-4c57874 elementor-section-full_width elementor-section-height-default elementor-section-height-default\" data-id=\"4c57874\" data-element_type=\"section\">\n\t\t\t\t\t\t<div class=\"elementor-container elementor-column-gap-no\">\n\t\t\t\t\t<div class=\"elementor-column elementor-col-100 elementor-top-column elementor-element elementor-element-362f2fe\" data-id=\"362f2fe\" data-element_type=\"column\">\n\t\t\t<div class=\"elementor-widget-wrap elementor-element-populated\">\n\t\t\t\t\t\t\t\t<div class=\"elementor-element elementor-element-fae3345 elementor-widget elementor-widget-larson-about-description\" data-id=\"fae3345\" data-element_type=\"widget\" data-widget_type=\"larson-about-description.default\">\n\t\t\t\t<div class=\"elementor-widget-container\">\n\t\t\t\n\t\t<section class=\"webpage__about-block about-block about-block--columns\">\n          <div class=\"about-block__inner container\" data-number=\"01.\">\n                        <header class=\"about-block__header\" data-aos=\"fade\">\n              <h2 class=\"about-block__heading heading\">\n              \t<span >\n\t\t\t\t\tSeguros\t\t\t\t<\/span>\n              <\/h2>\n            <\/header>\n                                    <div class=\"about-block__main\">\n                            <div class=\"about-block__text\" data-aos=\"fade\">\n                <div >\n\t\t\t\t\t<p>Temos um conjunto de profissionais com mais de 30 anos de experi\u00eancia no ramo, que o ajudar\u00e3o a tomar as melhores decis\u00f5es, tendo em aten\u00e7\u00e3o todos os pormenores.<\/p><p>Desde Seguro de Sa\u00fade, Pessoal, Habita\u00e7\u00e3o e Autom\u00f3vel, connosco encontrar\u00e1 a melhor solu\u00e7\u00e3o para o que mais necessita.<\/p><p><a href=\"http:\/\/mais3-inovacao.pt\/pena-property\/index.php\/contact\/\">Contacte-nos<\/a> e descubra o que podemos fazer por si.<\/p>\t\t\t\t<\/div>\n              <\/div>\n                                          <blockquote class=\"about-block__quote\" data-aos=\"fade\">\n              \t<span >\n\t\t\t\t\tEmpresa cred\u00edvel com especialistas com mais de\n<br>20 anos de atividade e 30 no sector.\t\t\t\t<\/span>\n\t\t\t\t<span class=\"sep\"><svg viewBox='0 0 83 62' fill='none' xmlns='http:\/\/www.w3.org\/2000\/svg'><path d='M18.6.2c6.267 0 11 2.267 14.2 6.8 3.333 4.4 5 9.667 5 15.8 0 8.267-2.467 15.933-7.4 23-4.8 7.067-10.867 12.333-18.2 15.8L.4 52.2c5.333-2.133 10-5.067 14-8.8 4-3.867 6.733-7.867 8.2-12l-1-.6c-.667.533-1.467.933-2.4 1.2-.933.267-2.267.4-4 .4-3.067 0-6.2-1.2-9.4-3.6-3.067-2.533-4.6-6.333-4.6-11.4 0-5.333 1.733-9.533 5.2-12.6S13.933.2 18.6.2zm44.8 0c6.267 0 11 2.267 14.2 6.8 3.333 4.4 5 9.667 5 15.8 0 8.267-2.467 15.933-7.4 23-4.8 7.067-10.867 12.333-18.2 15.8l-11.8-9.4c5.333-2.133 10-5.067 14-8.8 4-3.867 6.733-7.867 8.2-12l-1-.6c-.667.533-1.467.933-2.4 1.2-.933.267-2.267.4-4 .4-3.067 0-6.2-1.2-9.4-3.6-3.067-2.533-4.6-6.333-4.6-11.4 0-5.333 1.733-9.533 5.2-12.6S58.733.2 63.4.2z' fill='#ffb74d'\/><\/svg><\/span>\n              <\/blockquote>\n                          <\/div>\n                      <\/div>\n        <\/section>\n\n\t\t\t\t<\/div>\n\t\t\t\t<\/div>\n\t\t\t\t\t<\/div>\n\t\t<\/div>\n\t\t\t\t\t\t\t<\/div>\n\t\t<\/section>\n\t\t\t\t<section class=\"elementor-section elementor-top-section elementor-element elementor-element-3c90a22 elementor-section-full_width elementor-section-height-default elementor-section-height-default\" data-id=\"3c90a22\" data-element_type=\"section\">\n\t\t\t\t\t\t<div class=\"elementor-container elementor-column-gap-no\">\n\t\t\t\t\t<div class=\"elementor-column elementor-col-100 elementor-top-column elementor-element elementor-element-5d88ac9\" data-id=\"5d88ac9\" data-element_type=\"column\">\n\t\t\t<div class=\"elementor-widget-wrap elementor-element-populated\">\n\t\t\t\t\t\t\t\t<div class=\"elementor-element elementor-element-da31f2b elementor-widget elementor-widget-larson-services-grid\" data-id=\"da31f2b\" data-element_type=\"widget\" data-widget_type=\"larson-services-grid.default\">\n\t\t\t\t<div class=\"elementor-widget-container\">\n\t\t\t\t\t\n\t\t<section class=\"webpage__services services-block\">\n\t        <div class=\"about-block__inner container\" data-number=\"03.\">\n\t          \t          <header class=\"services-block__header\" data-aos=\"fade\">\n\t            <h2 class=\"about-block__heading heading\">\n\t            \t<span >\n\t\t\t\t\t\tServi\u00e7os\t\t\t\t\t<\/span>\n\t            <\/h2>\n\t          <\/header>\n\t          \t          <div class=\"services-provided\">\n\t          \t\t            <div class=\"row\">\n\t              \t              <div class=\"services-provided__column col-12 col-md\" data-aos=\"fade\" data-aos-delay=\"0\">\n\t                \t                <div class=\"services-provided__icon\">\n\t                  <i aria-hidden=\"true\" class=\"fas fa-city\"><\/i>\t                <\/div>\n\t                \t                \t                <h3 class=\"services-provided__column-heading\">\n\t                \t<span >\n\t\t\t\t\t\t\tGest\u00e3o de Propriedades\t\t\t\t\t\t<\/span>\n\t                <\/h3>\n\t                \t                \t                <div class=\"services-provided__column-text\">\n\t                \t<div >\n\t\t\t\t\t\t\t<p>Ajudamos na manuten\u00e7\u00e3o, seguran\u00e7a e gest\u00e3o administrativa da sua propriedade.<\/p>\t\t\t\t\t\t<\/div>\n\t                <\/div>\n\t                \t                \t                <a href=\"http:\/\/mais3-inovacao.pt\/pena-property\/index.php\/contact\/\" class=\"services-provided__link\">\n\t                \t<span >\n\t\t\t\t\t\t\tSaber mais\t\t\t\t\t\t<\/span>\n\t                    <svg width=\"20\" height=\"20\">\n\t                      <use xlink:href=\"#chevron-right\"><\/use>\n\t                    <\/svg>\n\t                <\/a>\n\t                \t              <\/div>\n\t              \t              <div class=\"services-provided__column col-12 col-md\" data-aos=\"fade\" data-aos-delay=\"200\">\n\t                \t                <div class=\"services-provided__icon\">\n\t                  <i aria-hidden=\"true\" class=\"fas fa-building\"><\/i>\t                <\/div>\n\t                \t                \t                <h3 class=\"services-provided__column-heading\">\n\t                \t<span >\n\t\t\t\t\t\t\tArrendamentos\t\t\t\t\t\t<\/span>\n\t                <\/h3>\n\t                \t                \t                <div class=\"services-provided__column-text\">\n\t                \t<div >\n\t\t\t\t\t\t\t<p>Temos as melhores op\u00e7\u00f5es para que usufrua de umas f\u00e9rias em pleno, seja com fam\u00edlia ou amigos.<\/p>\t\t\t\t\t\t<\/div>\n\t                <\/div>\n\t                \t                \t                <a href=\"http:\/\/mais3-inovacao.pt\/pena-property\/index.php\/contact\/\" class=\"services-provided__link\">\n\t                \t<span >\n\t\t\t\t\t\t\tSaber mais\t\t\t\t\t\t<\/span>\n\t                    <svg width=\"20\" height=\"20\">\n\t                      <use xlink:href=\"#chevron-right\"><\/use>\n\t                    <\/svg>\n\t                <\/a>\n\t                \t              <\/div>\n\t              \t              <div class=\"services-provided__column col-12 col-md\" data-aos=\"fade\" data-aos-delay=\"400\">\n\t                \t                <div class=\"services-provided__icon\">\n\t                  <i aria-hidden=\"true\" class=\"fas fa-business-time\"><\/i>\t                <\/div>\n\t                \t                \t                <h3 class=\"services-provided__column-heading\">\n\t                \t<span >\n\t\t\t\t\t\t\tSeguros\t\t\t\t\t\t<\/span>\n\t                <\/h3>\n\t                \t                \t                <div class=\"services-provided__column-text\">\n\t                \t<div >\n\t\t\t\t\t\t\t<p>Temos as melhores ofertas e as \u00faltimas novidades em Seguros de Sa\u00fade, Vida, Habita\u00e7\u00e3o e Autom\u00f3vel.<\/p>\t\t\t\t\t\t<\/div>\n\t                <\/div>\n\t                \t                \t                <a href=\"http:\/\/mais3-inovacao.pt\/pena-property\/index.php\/contact\/\" class=\"services-provided__link\">\n\t                \t<span >\n\t\t\t\t\t\t\tSaber mais\t\t\t\t\t\t<\/span>\n\t                    <svg width=\"20\" height=\"20\">\n\t                      <use xlink:href=\"#chevron-right\"><\/use>\n\t                    <\/svg>\n\t                <\/a>\n\t                \t              <\/div>\n\t              \t            <\/div>\n\t            \t          <\/div>\n\t        <\/div>\n\t    <\/section>\n\n\t\t\t\t<\/div>\n\t\t\t\t<\/div>\n\t\t\t\t\t<\/div>\n\t\t<\/div>\n\t\t\t\t\t\t\t<\/div>\n\t\t<\/section>\n\t\t\t\t<section class=\"elementor-section elementor-top-section elementor-element elementor-element-b68bb58 elementor-section-full_width elementor-section-height-default elementor-section-height-default\" data-id=\"b68bb58\" data-element_type=\"section\">\n\t\t\t\t\t\t<div class=\"elementor-container elementor-column-gap-no\">\n\t\t\t\t\t<div class=\"elementor-column elementor-col-100 elementor-top-column elementor-element elementor-element-9992a51\" data-id=\"9992a51\" data-element_type=\"column\">\n\t\t\t<div class=\"elementor-widget-wrap elementor-element-populated\">\n\t\t\t\t\t\t\t\t<div class=\"elementor-element elementor-element-ac43bca elementor-widget elementor-widget-larson-partners\" data-id=\"ac43bca\" data-element_type=\"widget\" data-widget_type=\"larson-partners.default\">\n\t\t\t\t<div class=\"elementor-widget-container\">\n\t\t\t\n\t\t<!-- Partners-->\n\t\t<section class=\"webpage__partners partners\">\n\t\t\t<div class=\"partners__inner container\">\n\t\t\t  \t\t\t  <ul class=\"partners__list\">\n\t\t\t    \t\t\t    <li class=\"partners__item\" data-aos=\"fade\" data-aos-delay=\"0\">\n\t\t\t      \t\t\t\t  <a title=\"http:\/\/Lagos\">\n\t\t\t\t  \t\t\t      \t\t\t      <img src=\"https:\/\/pena-property.net\/wp-content\/uploads\/2022\/01\/lagos-150x150-1.jpg\" alt=\"http:\/\/Lagos\" \/>\n\t\t\t      \t\t\t      \t\t\t\t  <\/a>\n\t\t\t\t  \t\t\t    <\/li>\n\t\t\t    \t\t\t    <li class=\"partners__item\" data-aos=\"fade\" data-aos-delay=\"200\">\n\t\t\t      \t\t\t\t  <a title=\"http:\/\/Alvor\">\n\t\t\t\t  \t\t\t      \t\t\t      <img src=\"https:\/\/pena-property.net\/wp-content\/uploads\/2022\/01\/alvor-150x150-1.jpg\" alt=\"http:\/\/Alvor\" \/>\n\t\t\t      \t\t\t      \t\t\t\t  <\/a>\n\t\t\t\t  \t\t\t    <\/li>\n\t\t\t    \t\t\t    <li class=\"partners__item\" data-aos=\"fade\" data-aos-delay=\"400\">\n\t\t\t      \t\t\t\t  <a title=\"http:\/\/Luz\">\n\t\t\t\t  \t\t\t      \t\t\t      <img src=\"https:\/\/pena-property.net\/wp-content\/uploads\/2022\/01\/luz-150x150-1.jpg\" alt=\"http:\/\/Luz\" \/>\n\t\t\t      \t\t\t      \t\t\t\t  <\/a>\n\t\t\t\t  \t\t\t    <\/li>\n\t\t\t    \t\t\t    <li class=\"partners__item\" data-aos=\"fade\" data-aos-delay=\"600\">\n\t\t\t      \t\t\t\t  <a title=\"http:\/\/Vila%20do%20Bispo\">\n\t\t\t\t  \t\t\t      \t\t\t      <img src=\"https:\/\/pena-property.net\/wp-content\/uploads\/2022\/01\/vila-do-bispo-150x150-1.jpg\" alt=\"http:\/\/Vila%20do%20Bispo\" \/>\n\t\t\t      \t\t\t      \t\t\t\t  <\/a>\n\t\t\t\t  \t\t\t    <\/li>\n\t\t\t    \t\t\t    <li class=\"partners__item\" data-aos=\"fade\" data-aos-delay=\"800\">\n\t\t\t      \t\t\t\t  <a title=\"http:\/\/Odi\u00e1xere\">\n\t\t\t\t  \t\t\t      \t\t\t      <img src=\"https:\/\/pena-property.net\/wp-content\/uploads\/2022\/01\/odiaxere-150x150-1.jpg\" alt=\"http:\/\/Odi\u00e1xere\" \/>\n\t\t\t      \t\t\t      \t\t\t\t  <\/a>\n\t\t\t\t  \t\t\t    <\/li>\n\t\t\t    \t\t\t  <\/ul>\n\t\t\t  \t\t\t<\/div>\n\t\t<\/section>\n\n\t\t\t\t<\/div>\n\t\t\t\t<\/div>\n\t\t\t\t\t<\/div>\n\t\t<\/div>\n\t\t\t\t\t\t\t<\/div>\n\t\t<\/section>\n\t\t\t\t\t\t<\/div>\n\t\t\t\t\t<\/div>\n\t\t","protected":false},"excerpt":{"rendered":"<p>Mediadora e Agente deSeguros Seguros Temos um conjunto de profissionais com mais de 30 anos de experi\u00eancia no ramo, que o ajudar\u00e3o a tomar as melhores decis\u00f5es, tendo em aten\u00e7\u00e3o todos os pormenores. Desde Seguro de Sa\u00fade, Pessoal, Habita\u00e7\u00e3o e Autom\u00f3vel, connosco encontrar\u00e1 a melhor solu\u00e7\u00e3o para o que mais&#8230; <\/p>\n<div class=\"readmore\"><a href=\"https:\/\/www.pena-property.net\/index.php\/seguros\/\" class=\"btn-link\">Read more<\/a><\/div>\n","protected":false},"author":1,"featured_media":0,"parent":0,"menu_order":0,"comment_status":"closed","ping_status":"closed","template":"template-elementor-default.php","meta":[],"acf":[],"_links":{"self":[{"href":"https:\/\/www.pena-property.net\/index.php\/wp-json\/wp\/v2\/pages\/1700"}],"collection":[{"href":"https:\/\/www.pena-property.net\/index.php\/wp-json\/wp\/v2\/pages"}],"about":[{"href":"https:\/\/www.pena-property.net\/index.php\/wp-json\/wp\/v2\/types\/page"}],"author":[{"embeddable":true,"href":"https:\/\/www.pena-property.net\/index.php\/wp-json\/wp\/v2\/users\/1"}],"replies":[{"embeddable":true,"href":"https:\/\/www.pena-property.net\/index.php\/wp-json\/wp\/v2\/comments?post=1700"}],"version-history":[{"count":40,"href":"https:\/\/www.pena-property.net\/index.php\/wp-json\/wp\/v2\/pages\/1700\/revisions"}],"predecessor-version":[{"id":2631,"href":"https:\/\/www.pena-property.net\/index.php\/wp-json\/wp\/v2\/pages\/1700\/revisions\/2631"}],"wp:attachment":[{"href":"https:\/\/www.pena-property.net\/index.php\/wp-json\/wp\/v2\/media?parent=1700"}],"curies":[{"name":"wp","href":"https:\/\/api.w.org\/{rel}","templated":true}]}}