{"id":3,"date":"2022-01-06T18:52:52","date_gmt":"2022-01-06T18:52:52","guid":{"rendered":"http:\/\/mais3-inovacao.pt\/pena-property\/?page_id=3"},"modified":"2023-01-12T17:08:11","modified_gmt":"2023-01-12T17:08:11","slug":"privacy-policy","status":"publish","type":"page","link":"https:\/\/www.pena-property.net\/index.php\/privacy-policy\/","title":{"rendered":"Pol\u00edtica de Uso"},"content":{"rendered":"\n<p>Assegure-se que l\u00ea cuidadosamente os Termos e Condi\u00e7\u00f5es apresentados nesta p\u00e1gina, na medida em que qualquer utiliza\u00e7\u00e3o deste website significa que aceita os Termos e Condi\u00e7\u00f5es aqui apresentados.<\/p>\n\n\n\n<h2>Website<\/h2>\n\n\n\n<p>Os conte\u00fados apresentados no site poder\u00e3o eventualmente apresentar algum equivoco. A PENA PROPERTY poder\u00e1 em qualquer momento efetuar modifica\u00e7\u00f5es ou corre\u00e7\u00f5es \u00e0 informa\u00e7\u00e3o publicada.<\/p>\n\n\n\n<p>N\u00e3o \u00e9 permitida a modifica\u00e7\u00e3o dos conte\u00fados e informa\u00e7\u00f5es disponibilizados neste site.<\/p>\n\n\n\n<p>Qualquer d\u00favida poder\u00e1 contactar-nos por telefone (+351) 282 789 256 (chamada para rede fixa nacional) \/ 912 511 159 (chamada para rede m\u00f3vel nacional) ou por e-mail para reservas@pena-property.pt.<\/p>\n\n\n\n<p>Livro de reclama\u00e7\u00f5es <a href=\"https:\/\/www.livroreclamacoes.pt\/Inicio\/\" data-type=\"URL\" data-id=\"https:\/\/www.livroreclamacoes.pt\/Inicio\/\" target=\"_blank\" rel=\"noreferrer noopener\">online<\/a>.<\/p>\n\n\n\n<h3><strong>Pol\u00edtica de Qualidade dos Servi\u00e7os<\/strong><\/h3>\n\n\n\n<p>A PENA PROPERTY oferece-lhe um servi\u00e7o onde lhe garante a melhor rela\u00e7\u00e3o qualidade \/ pre\u00e7o.<\/p>\n\n\n\n<h3><strong>Pol\u00edtica de Privacidade<\/strong><\/h3>\n\n\n\n<p>Os dados pessoais preenchidos nos formul\u00e1rios de contactos ou outros formul\u00e1rios do website, servem apenas para responder \u00e0 solicita\u00e7\u00e3o do cliente e apenas isso, n\u00e3o sendo usados para qualquer bases de dados ou outros fins.<\/p>\n\n\n\n<h3>Pol\u00edtica de Prote\u00e7\u00e3o<strong> de Dados<\/strong><\/h3>\n\n\n\n<p>Para a nossa empresa, a prote\u00e7\u00e3o dos dados dos clientes \u00e9 fundamental, concordando totalmente com a nova Lei Europeia e outras que vir\u00e3o, neste sentido fizemos um investimento onde instalamos um certificado SSL com IP dedicado que encripta qualquer informa\u00e7\u00e3o colocada no website, pode reparar que o nosso site tem a indica\u00e7\u00e3o de <span style=\"color:#0b610b\" class=\"has-inline-color\">Liga\u00e7\u00e3o segura<\/span>.<\/p>\n\n\n\n<h3><strong>Politica de Cookies<\/strong><\/h3>\n\n\n\n<p>Os cookies usados no website, s\u00e3o apenas Cookies Essenciais, estes cookies s\u00e3o essenciais para aceder \u00e0s p\u00e1ginas do site e permitem apenas a navega\u00e7\u00e3o no site, n\u00e3o fazendo recolha de quaisquer dados dos utilizadores ou de navega\u00e7\u00e3o.<\/p>\n","protected":false},"excerpt":{"rendered":"<p>Assegure-se que l\u00ea cuidadosamente os Termos e Condi\u00e7\u00f5es apresentados nesta p\u00e1gina, na medida em que qualquer utiliza\u00e7\u00e3o deste website significa que aceita os Termos e Condi\u00e7\u00f5es aqui apresentados. Website Os conte\u00fados apresentados no site poder\u00e3o eventualmente apresentar algum equivoco. A PENA PROPERTY poder\u00e1 em qualquer momento efetuar modifica\u00e7\u00f5es ou corre\u00e7\u00f5es&#8230; <\/p>\n<div class=\"readmore\"><a href=\"https:\/\/www.pena-property.net\/index.php\/privacy-policy\/\" class=\"btn-link\">Read more<\/a><\/div>\n","protected":false},"author":1,"featured_media":0,"parent":0,"menu_order":0,"comment_status":"closed","ping_status":"open","template":"","meta":[],"acf":[],"_links":{"self":[{"href":"https:\/\/www.pena-property.net\/index.php\/wp-json\/wp\/v2\/pages\/3"}],"collection":[{"href":"https:\/\/www.pena-property.net\/index.php\/wp-json\/wp\/v2\/pages"}],"about":[{"href":"https:\/\/www.pena-property.net\/index.php\/wp-json\/wp\/v2\/types\/page"}],"author":[{"embeddable":true,"href":"https:\/\/www.pena-property.net\/index.php\/wp-json\/wp\/v2\/users\/1"}],"replies":[{"embeddable":true,"href":"https:\/\/www.pena-property.net\/index.php\/wp-json\/wp\/v2\/comments?post=3"}],"version-history":[{"count":6,"href":"https:\/\/www.pena-property.net\/index.php\/wp-json\/wp\/v2\/pages\/3\/revisions"}],"predecessor-version":[{"id":2756,"href":"https:\/\/www.pena-property.net\/index.php\/wp-json\/wp\/v2\/pages\/3\/revisions\/2756"}],"wp:attachment":[{"href":"https:\/\/www.pena-property.net\/index.php\/wp-json\/wp\/v2\/media?parent=3"}],"curies":[{"name":"wp","href":"https:\/\/api.w.org\/{rel}","templated":true}]}}